{"id":19,"date":"2020-11-17T03:51:35","date_gmt":"2020-11-17T03:51:35","guid":{"rendered":"http:\/\/graduor-distribution.com\/jean-eudes\/?post_type=product&#038;p=19"},"modified":"2021-02-05T21:45:47","modified_gmt":"2021-02-05T21:45:47","slug":"bague-college-jean-eudes","status":"publish","type":"product","link":"https:\/\/graduor-distribution.com\/jean-eudes\/product\/bague-college-jean-eudes\/","title":{"rendered":"Bague Coll\u00e8ge Jean-Eudes"},"content":{"rendered":"<p><strong>DEUX MOD\u00c8LES DISPONIBLE<\/strong><\/p>\n<ul>\n<li>2076 = largeur: 8 mm \/ hauteur: 8.5 mm<\/li>\n<li>2077 = largeur: 9 mm \/ hauteur: 10 mm<\/li>\n<li>2078 = largeur: 12 mm \/ hauteur: 13 mm<\/li>\n<li><strong>Tous les autres mod\u00e8les de bagues sont disponibles sur le site officiel de Graduor au : <a href=\"https:\/\/www.graduor.com\/fr\/\">graduor.com<\/a><\/strong><\/li>\n<\/ul>\n<p><strong>ARGENT<\/strong><\/p>\n<ul>\n<li>M\u00e9tal semi-pr\u00e9cieux<\/li>\n<li>Durabilit\u00e9: moyenne<\/li>\n<li>Couleur: blanc<\/li>\n<li>Choix \u00e9conomique<\/li>\n<\/ul>\n<p><em>REMARQUE IMPORTANTE: L&rsquo;argent peut ternir en fonction du m\u00e9tabolisme de chaque individu<\/em><\/p>\n<p><strong>DURALIUM<\/strong><\/p>\n<ul>\n<li>Acier inoxydable<\/li>\n<li>M\u00e9tal hypoallerg\u00e9nique<\/li>\n<li>Garanti contre le ternissement<\/li>\n<li>Couleur: blanc<\/li>\n<li>Acier: semi-pr\u00e9cieux<\/li>\n<li>Durabilit\u00e9: excellente<\/li>\n<\/ul>\n<p><strong>OR<\/strong><\/p>\n<ul>\n<li>M\u00e9tal pr\u00e9cieux<\/li>\n<li>Excellente durabilit\u00e9<\/li>\n<li>Couleur: or \/ blanc<\/li>\n<li>Excellent rapport qualit\u00e9 \/ prix<\/li>\n<li>Inalt\u00e9rable<\/li>\n<li>Un choix valoris\u00e9<\/li>\n<li>Disponible en: 10K, 14K et 18K<\/li>\n<\/ul>\n<p><strong>PLAN DE PROTECTION \u00c9TENDU<\/strong><br \/>\nEn cas de perte, vol ou dommage. Graduor acceptera de remplacer votre bague. Cet accord est une extension de la garantie r\u00e9guli\u00e8re de Graduor et sera en vigueur pendant une p\u00e9riode de trois ans apr\u00e8s l&rsquo;obtention du dipl\u00f4me. Cet accord couvre uniquement la bague d&rsquo;origine et non les bagues de remplacement. Des frais de remplacement s&rsquo;appliqueront. Garantie \u00e0 vie<\/p>\n<p><strong>COMMENT D\u00c9FINIR LA TAILLE DE VOTRE BAGUE?<\/strong><\/p>\n<ul>\n<li>Vous pouvez demander un baguier gratuitement au : <a href=\"mailto:info@graduor.com\">info@graduor.com<\/a><\/li>\n<\/ul>\n<p><strong>SI VOUS AVEZ BESOIN DE PLUS D&rsquo;INFORMATIONS OU VOUS AVEZ DES QUESTIONS, CONTACTEZ-NOUS<\/strong><\/p>\n<ul>\n<li>T\u00e9l\u00e9phone: 450.471.1000<\/li>\n<li>Sans frais: 1.800.363.7146<\/li>\n<li>T\u00e9l\u00e9copieur: 450.471.4159<\/li>\n<li><a href=\"mailto:info@graduor.com\">info@graduor.com<\/a><\/li>\n<\/ul>\n<p><strong>HEURES DE TRAVAIL<\/strong><\/p>\n<ul>\n<li>Du lundi au jeudi: de 9h00 \u00e0 16h00<\/li>\n<li>Vendredi: 9h00 \u00e0 12h00<\/li>\n<li>Samedi et dimanche: ferm\u00e9<\/li>\n<\/ul>\n","protected":false},"excerpt":{"rendered":"<p>DEUX MOD\u00c8LES DISPONIBLE 2076 = largeur: 8 mm \/ hauteur: 8.5 mm 2077 = largeur: 9 mm \/ hauteur: 10&hellip;<\/p>\n","protected":false},"featured_media":84,"template":"","meta":[],"product_brand":[],"product_cat":[15],"product_tag":[],"class_list":{"0":"post-19","1":"product","2":"type-product","3":"status-publish","4":"has-post-thumbnail","6":"product_cat-uncategorized","8":"first","9":"instock","10":"taxable","11":"shipping-taxable","12":"purchasable","13":"product-type-variable"},"yoast_head":"<!-- This site is optimized with the Yoast SEO plugin v27.2 - https:\/\/yoast.com\/product\/yoast-seo-wordpress\/ -->\n<title>Bague Coll\u00e8ge Jean-Eudes - Coll\u00e8ge Jean-Eudes<\/title>\n<meta name=\"robots\" content=\"index, follow, max-snippet:-1, max-image-preview:large, max-video-preview:-1\" \/>\n<link rel=\"canonical\" href=\"https:\/\/graduor-distribution.com\/jean-eudes\/product\/bague-college-jean-eudes\/\" \/>\n<meta property=\"og:locale\" content=\"fr_FR\" \/>\n<meta property=\"og:type\" content=\"article\" \/>\n<meta property=\"og:title\" content=\"Bague Coll\u00e8ge Jean-Eudes - Coll\u00e8ge Jean-Eudes\" \/>\n<meta property=\"og:description\" content=\"DEUX MOD\u00c8LES DISPONIBLE 2076 = largeur: 8 mm \/ hauteur: 8.5 mm 2077 = largeur: 9 mm \/ hauteur: 10&hellip;\" \/>\n<meta property=\"og:url\" content=\"https:\/\/graduor-distribution.com\/jean-eudes\/product\/bague-college-jean-eudes\/\" \/>\n<meta property=\"og:site_name\" content=\"Coll\u00e8ge Jean-Eudes\" \/>\n<meta property=\"article:modified_time\" content=\"2021-02-05T21:45:47+00:00\" \/>\n<meta property=\"og:image\" content=\"https:\/\/graduor-distribution.com\/jean-eudes\/wp-content\/uploads\/sites\/5\/2021\/02\/SIDEB.png\" \/>\n\t<meta property=\"og:image:width\" content=\"1024\" \/>\n\t<meta property=\"og:image:height\" content=\"1024\" \/>\n\t<meta property=\"og:image:type\" content=\"image\/png\" \/>\n<meta name=\"twitter:card\" content=\"summary_large_image\" \/>\n<meta name=\"twitter:label1\" content=\"Dur\u00e9e de lecture estim\u00e9e\" \/>\n\t<meta name=\"twitter:data1\" content=\"1 minute\" \/>\n<script type=\"application\/ld+json\" class=\"yoast-schema-graph\">{\"@context\":\"https:\/\/schema.org\",\"@graph\":[{\"@type\":\"WebPage\",\"@id\":\"https:\/\/graduor-distribution.com\/jean-eudes\/product\/bague-college-jean-eudes\/\",\"url\":\"https:\/\/graduor-distribution.com\/jean-eudes\/product\/bague-college-jean-eudes\/\",\"name\":\"Bague Coll\u00e8ge Jean-Eudes - Coll\u00e8ge Jean-Eudes\",\"isPartOf\":{\"@id\":\"https:\/\/graduor-distribution.com\/jean-eudes\/#website\"},\"primaryImageOfPage\":{\"@id\":\"https:\/\/graduor-distribution.com\/jean-eudes\/product\/bague-college-jean-eudes\/#primaryimage\"},\"image\":{\"@id\":\"https:\/\/graduor-distribution.com\/jean-eudes\/product\/bague-college-jean-eudes\/#primaryimage\"},\"thumbnailUrl\":\"https:\/\/graduor-distribution.com\/jean-eudes\/wp-content\/uploads\/sites\/5\/2021\/02\/SIDEB.png\",\"datePublished\":\"2020-11-17T03:51:35+00:00\",\"dateModified\":\"2021-02-05T21:45:47+00:00\",\"breadcrumb\":{\"@id\":\"https:\/\/graduor-distribution.com\/jean-eudes\/product\/bague-college-jean-eudes\/#breadcrumb\"},\"inLanguage\":\"fr-FR\",\"potentialAction\":[{\"@type\":\"ReadAction\",\"target\":[\"https:\/\/graduor-distribution.com\/jean-eudes\/product\/bague-college-jean-eudes\/\"]}]},{\"@type\":\"ImageObject\",\"inLanguage\":\"fr-FR\",\"@id\":\"https:\/\/graduor-distribution.com\/jean-eudes\/product\/bague-college-jean-eudes\/#primaryimage\",\"url\":\"https:\/\/graduor-distribution.com\/jean-eudes\/wp-content\/uploads\/sites\/5\/2021\/02\/SIDEB.png\",\"contentUrl\":\"https:\/\/graduor-distribution.com\/jean-eudes\/wp-content\/uploads\/sites\/5\/2021\/02\/SIDEB.png\",\"width\":1024,\"height\":1024},{\"@type\":\"BreadcrumbList\",\"@id\":\"https:\/\/graduor-distribution.com\/jean-eudes\/product\/bague-college-jean-eudes\/#breadcrumb\",\"itemListElement\":[{\"@type\":\"ListItem\",\"position\":1,\"name\":\"Home\",\"item\":\"https:\/\/graduor-distribution.com\/jean-eudes\/\"},{\"@type\":\"ListItem\",\"position\":2,\"name\":\"Shop\",\"item\":\"https:\/\/graduor-distribution.com\/jean-eudes\/shop\/\"},{\"@type\":\"ListItem\",\"position\":3,\"name\":\"Bague Coll\u00e8ge Jean-Eudes\"}]},{\"@type\":\"WebSite\",\"@id\":\"https:\/\/graduor-distribution.com\/jean-eudes\/#website\",\"url\":\"https:\/\/graduor-distribution.com\/jean-eudes\/\",\"name\":\"Coll\u00e8ge Jean-Eudes\",\"description\":\"\",\"potentialAction\":[{\"@type\":\"SearchAction\",\"target\":{\"@type\":\"EntryPoint\",\"urlTemplate\":\"https:\/\/graduor-distribution.com\/jean-eudes\/?s={search_term_string}\"},\"query-input\":{\"@type\":\"PropertyValueSpecification\",\"valueRequired\":true,\"valueName\":\"search_term_string\"}}],\"inLanguage\":\"fr-FR\"}]}<\/script>\n<!-- \/ Yoast SEO plugin. -->","yoast_head_json":{"title":"Bague Coll\u00e8ge Jean-Eudes - Coll\u00e8ge Jean-Eudes","robots":{"index":"index","follow":"follow","max-snippet":"max-snippet:-1","max-image-preview":"max-image-preview:large","max-video-preview":"max-video-preview:-1"},"canonical":"https:\/\/graduor-distribution.com\/jean-eudes\/product\/bague-college-jean-eudes\/","og_locale":"fr_FR","og_type":"article","og_title":"Bague Coll\u00e8ge Jean-Eudes - Coll\u00e8ge Jean-Eudes","og_description":"DEUX MOD\u00c8LES DISPONIBLE 2076 = largeur: 8 mm \/ hauteur: 8.5 mm 2077 = largeur: 9 mm \/ hauteur: 10&hellip;","og_url":"https:\/\/graduor-distribution.com\/jean-eudes\/product\/bague-college-jean-eudes\/","og_site_name":"Coll\u00e8ge Jean-Eudes","article_modified_time":"2021-02-05T21:45:47+00:00","og_image":[{"width":1024,"height":1024,"url":"https:\/\/graduor-distribution.com\/jean-eudes\/wp-content\/uploads\/sites\/5\/2021\/02\/SIDEB.png","type":"image\/png"}],"twitter_card":"summary_large_image","twitter_misc":{"Dur\u00e9e de lecture estim\u00e9e":"1 minute"},"schema":{"@context":"https:\/\/schema.org","@graph":[{"@type":"WebPage","@id":"https:\/\/graduor-distribution.com\/jean-eudes\/product\/bague-college-jean-eudes\/","url":"https:\/\/graduor-distribution.com\/jean-eudes\/product\/bague-college-jean-eudes\/","name":"Bague Coll\u00e8ge Jean-Eudes - Coll\u00e8ge Jean-Eudes","isPartOf":{"@id":"https:\/\/graduor-distribution.com\/jean-eudes\/#website"},"primaryImageOfPage":{"@id":"https:\/\/graduor-distribution.com\/jean-eudes\/product\/bague-college-jean-eudes\/#primaryimage"},"image":{"@id":"https:\/\/graduor-distribution.com\/jean-eudes\/product\/bague-college-jean-eudes\/#primaryimage"},"thumbnailUrl":"https:\/\/graduor-distribution.com\/jean-eudes\/wp-content\/uploads\/sites\/5\/2021\/02\/SIDEB.png","datePublished":"2020-11-17T03:51:35+00:00","dateModified":"2021-02-05T21:45:47+00:00","breadcrumb":{"@id":"https:\/\/graduor-distribution.com\/jean-eudes\/product\/bague-college-jean-eudes\/#breadcrumb"},"inLanguage":"fr-FR","potentialAction":[{"@type":"ReadAction","target":["https:\/\/graduor-distribution.com\/jean-eudes\/product\/bague-college-jean-eudes\/"]}]},{"@type":"ImageObject","inLanguage":"fr-FR","@id":"https:\/\/graduor-distribution.com\/jean-eudes\/product\/bague-college-jean-eudes\/#primaryimage","url":"https:\/\/graduor-distribution.com\/jean-eudes\/wp-content\/uploads\/sites\/5\/2021\/02\/SIDEB.png","contentUrl":"https:\/\/graduor-distribution.com\/jean-eudes\/wp-content\/uploads\/sites\/5\/2021\/02\/SIDEB.png","width":1024,"height":1024},{"@type":"BreadcrumbList","@id":"https:\/\/graduor-distribution.com\/jean-eudes\/product\/bague-college-jean-eudes\/#breadcrumb","itemListElement":[{"@type":"ListItem","position":1,"name":"Home","item":"https:\/\/graduor-distribution.com\/jean-eudes\/"},{"@type":"ListItem","position":2,"name":"Shop","item":"https:\/\/graduor-distribution.com\/jean-eudes\/shop\/"},{"@type":"ListItem","position":3,"name":"Bague Coll\u00e8ge Jean-Eudes"}]},{"@type":"WebSite","@id":"https:\/\/graduor-distribution.com\/jean-eudes\/#website","url":"https:\/\/graduor-distribution.com\/jean-eudes\/","name":"Coll\u00e8ge Jean-Eudes","description":"","potentialAction":[{"@type":"SearchAction","target":{"@type":"EntryPoint","urlTemplate":"https:\/\/graduor-distribution.com\/jean-eudes\/?s={search_term_string}"},"query-input":{"@type":"PropertyValueSpecification","valueRequired":true,"valueName":"search_term_string"}}],"inLanguage":"fr-FR"}]}},"_links":{"self":[{"href":"https:\/\/graduor-distribution.com\/jean-eudes\/wp-json\/wp\/v2\/product\/19","targetHints":{"allow":["GET"]}}],"collection":[{"href":"https:\/\/graduor-distribution.com\/jean-eudes\/wp-json\/wp\/v2\/product"}],"about":[{"href":"https:\/\/graduor-distribution.com\/jean-eudes\/wp-json\/wp\/v2\/types\/product"}],"wp:featuredmedia":[{"embeddable":true,"href":"https:\/\/graduor-distribution.com\/jean-eudes\/wp-json\/wp\/v2\/media\/84"}],"wp:attachment":[{"href":"https:\/\/graduor-distribution.com\/jean-eudes\/wp-json\/wp\/v2\/media?parent=19"}],"wp:term":[{"taxonomy":"product_brand","embeddable":true,"href":"https:\/\/graduor-distribution.com\/jean-eudes\/wp-json\/wp\/v2\/product_brand?post=19"},{"taxonomy":"product_cat","embeddable":true,"href":"https:\/\/graduor-distribution.com\/jean-eudes\/wp-json\/wp\/v2\/product_cat?post=19"},{"taxonomy":"product_tag","embeddable":true,"href":"https:\/\/graduor-distribution.com\/jean-eudes\/wp-json\/wp\/v2\/product_tag?post=19"}],"curies":[{"name":"wp","href":"https:\/\/api.w.org\/{rel}","templated":true}]}}