{"id":198,"date":"2023-02-20T17:05:07","date_gmt":"2023-02-20T17:05:07","guid":{"rendered":"https:\/\/graduor-distribution.com\/coupe-chevrolet\/?post_type=product&#038;p=198"},"modified":"2026-03-28T22:27:59","modified_gmt":"2026-03-28T22:27:59","slug":"bague-souvenir","status":"publish","type":"product","link":"https:\/\/graduor-distribution.com\/coupe-chevrolet\/product\/bague-souvenir\/","title":{"rendered":"Bague souvenir"},"content":{"rendered":"<p><strong>M\u00c9TAL : DURALIUM<\/strong><\/p>\n<ul>\n<li>Acier inoxydable<\/li>\n<li>M\u00e9tal hypoallerg\u00e9nique<\/li>\n<li>Garanti contre le ternissement<\/li>\n<li>Couleur: blanc<\/li>\n<li>Acier: semi-pr\u00e9cieux<\/li>\n<li>Durabilit\u00e9: excellente<\/li>\n<\/ul>\n<p><strong>DIMENSIONS :<\/strong> S101-S : 18mm x 20mm<\/p>\n<p><strong>COMMENT D\u00c9FINIR LA TAILLE DE VOTRE BAGUE?<\/strong><\/p>\n<ul>\n<li>Vous pouvez demander un baguier gratuitement au : <a href=\"mailto:info@graduor.com\">info@graduor.com<\/a><\/li>\n<\/ul>\n<p><strong>SI VOUS AVEZ BESOIN DE PLUS D&rsquo;INFORMATIONS OU VOUS AVEZ DES QUESTIONS, CONTACTEZ-NOUS<\/strong><\/p>\n<ul>\n<li>T\u00e9l\u00e9phone: 450.471.1000<\/li>\n<li>Sans frais: 1.800.363.7146<\/li>\n<li><a href=\"mailto:info@graduor.com\">info@graduor.com<\/a><\/li>\n<\/ul>\n<p><strong>HEURES DE TRAVAIL<\/strong><\/p>\n<ul>\n<li>Du lundi au jeudi: de 9h00 \u00e0 16h00<\/li>\n<li>Vendredi: 9h00 \u00e0 12h00<\/li>\n<li>Samedi et dimanche: ferm\u00e9<\/li>\n<\/ul>\n","protected":false},"excerpt":{"rendered":"<p>M\u00c9TAL : DURALIUM Acier inoxydable M\u00e9tal hypoallerg\u00e9nique Garanti contre le ternissement Couleur: blanc Acier: semi-pr\u00e9cieux Durabilit\u00e9: excellente DIMENSIONS : S101-S&hellip;<\/p>\n","protected":false},"featured_media":461,"template":"","meta":[],"product_brand":[],"product_cat":[15],"product_tag":[],"class_list":{"0":"post-198","1":"product","2":"type-product","3":"status-publish","4":"has-post-thumbnail","6":"product_cat-uncategorized","8":"first","9":"instock","10":"taxable","11":"shipping-taxable","12":"purchasable","13":"product-type-variable"},"yoast_head":"<!-- This site is optimized with the Yoast SEO plugin v27.2 - https:\/\/yoast.com\/product\/yoast-seo-wordpress\/ -->\n<title>Bague souvenir - Coupe Chevrolet<\/title>\n<meta name=\"robots\" content=\"index, follow, max-snippet:-1, max-image-preview:large, max-video-preview:-1\" \/>\n<link rel=\"canonical\" href=\"https:\/\/graduor-distribution.com\/coupe-chevrolet\/product\/bague-souvenir\/\" \/>\n<meta property=\"og:locale\" content=\"fr_FR\" \/>\n<meta property=\"og:type\" content=\"article\" \/>\n<meta property=\"og:title\" content=\"Bague souvenir - Coupe Chevrolet\" \/>\n<meta property=\"og:description\" content=\"M\u00c9TAL : DURALIUM Acier inoxydable M\u00e9tal hypoallerg\u00e9nique Garanti contre le ternissement Couleur: blanc Acier: semi-pr\u00e9cieux Durabilit\u00e9: excellente DIMENSIONS : S101-S&hellip;\" \/>\n<meta property=\"og:url\" content=\"https:\/\/graduor-distribution.com\/coupe-chevrolet\/product\/bague-souvenir\/\" \/>\n<meta property=\"og:site_name\" content=\"Coupe Chevrolet\" \/>\n<meta property=\"article:modified_time\" content=\"2026-03-28T22:27:59+00:00\" \/>\n<meta property=\"og:image\" content=\"https:\/\/graduor-distribution.com\/coupe-chevrolet\/wp-content\/uploads\/sites\/9\/2023\/02\/PERSP.png\" \/>\n\t<meta property=\"og:image:width\" content=\"1024\" \/>\n\t<meta property=\"og:image:height\" content=\"1024\" \/>\n\t<meta property=\"og:image:type\" content=\"image\/png\" \/>\n<meta name=\"twitter:card\" content=\"summary_large_image\" \/>\n<meta name=\"twitter:label1\" content=\"Dur\u00e9e de lecture estim\u00e9e\" \/>\n\t<meta name=\"twitter:data1\" content=\"1 minute\" \/>\n<script type=\"application\/ld+json\" class=\"yoast-schema-graph\">{\"@context\":\"https:\/\/schema.org\",\"@graph\":[{\"@type\":\"WebPage\",\"@id\":\"https:\/\/graduor-distribution.com\/coupe-chevrolet\/product\/bague-souvenir\/\",\"url\":\"https:\/\/graduor-distribution.com\/coupe-chevrolet\/product\/bague-souvenir\/\",\"name\":\"Bague souvenir - Coupe Chevrolet\",\"isPartOf\":{\"@id\":\"https:\/\/graduor-distribution.com\/coupe-chevrolet\/#website\"},\"primaryImageOfPage\":{\"@id\":\"https:\/\/graduor-distribution.com\/coupe-chevrolet\/product\/bague-souvenir\/#primaryimage\"},\"image\":{\"@id\":\"https:\/\/graduor-distribution.com\/coupe-chevrolet\/product\/bague-souvenir\/#primaryimage\"},\"thumbnailUrl\":\"https:\/\/graduor-distribution.com\/coupe-chevrolet\/wp-content\/uploads\/sites\/9\/2023\/02\/PERSP.png\",\"datePublished\":\"2023-02-20T17:05:07+00:00\",\"dateModified\":\"2026-03-28T22:27:59+00:00\",\"breadcrumb\":{\"@id\":\"https:\/\/graduor-distribution.com\/coupe-chevrolet\/product\/bague-souvenir\/#breadcrumb\"},\"inLanguage\":\"fr-FR\",\"potentialAction\":[{\"@type\":\"ReadAction\",\"target\":[\"https:\/\/graduor-distribution.com\/coupe-chevrolet\/product\/bague-souvenir\/\"]}]},{\"@type\":\"ImageObject\",\"inLanguage\":\"fr-FR\",\"@id\":\"https:\/\/graduor-distribution.com\/coupe-chevrolet\/product\/bague-souvenir\/#primaryimage\",\"url\":\"https:\/\/graduor-distribution.com\/coupe-chevrolet\/wp-content\/uploads\/sites\/9\/2023\/02\/PERSP.png\",\"contentUrl\":\"https:\/\/graduor-distribution.com\/coupe-chevrolet\/wp-content\/uploads\/sites\/9\/2023\/02\/PERSP.png\",\"width\":1024,\"height\":1024},{\"@type\":\"BreadcrumbList\",\"@id\":\"https:\/\/graduor-distribution.com\/coupe-chevrolet\/product\/bague-souvenir\/#breadcrumb\",\"itemListElement\":[{\"@type\":\"ListItem\",\"position\":1,\"name\":\"Home\",\"item\":\"https:\/\/graduor-distribution.com\/coupe-chevrolet\/\"},{\"@type\":\"ListItem\",\"position\":2,\"name\":\"Shop\",\"item\":\"https:\/\/graduor-distribution.com\/coupe-chevrolet\/\"},{\"@type\":\"ListItem\",\"position\":3,\"name\":\"Bague souvenir\"}]},{\"@type\":\"WebSite\",\"@id\":\"https:\/\/graduor-distribution.com\/coupe-chevrolet\/#website\",\"url\":\"https:\/\/graduor-distribution.com\/coupe-chevrolet\/\",\"name\":\"Coupe Chevrolet\",\"description\":\"\",\"potentialAction\":[{\"@type\":\"SearchAction\",\"target\":{\"@type\":\"EntryPoint\",\"urlTemplate\":\"https:\/\/graduor-distribution.com\/coupe-chevrolet\/?s={search_term_string}\"},\"query-input\":{\"@type\":\"PropertyValueSpecification\",\"valueRequired\":true,\"valueName\":\"search_term_string\"}}],\"inLanguage\":\"fr-FR\"}]}<\/script>\n<!-- \/ Yoast SEO plugin. -->","yoast_head_json":{"title":"Bague souvenir - Coupe Chevrolet","robots":{"index":"index","follow":"follow","max-snippet":"max-snippet:-1","max-image-preview":"max-image-preview:large","max-video-preview":"max-video-preview:-1"},"canonical":"https:\/\/graduor-distribution.com\/coupe-chevrolet\/product\/bague-souvenir\/","og_locale":"fr_FR","og_type":"article","og_title":"Bague souvenir - Coupe Chevrolet","og_description":"M\u00c9TAL : DURALIUM Acier inoxydable M\u00e9tal hypoallerg\u00e9nique Garanti contre le ternissement Couleur: blanc Acier: semi-pr\u00e9cieux Durabilit\u00e9: excellente DIMENSIONS : S101-S&hellip;","og_url":"https:\/\/graduor-distribution.com\/coupe-chevrolet\/product\/bague-souvenir\/","og_site_name":"Coupe Chevrolet","article_modified_time":"2026-03-28T22:27:59+00:00","og_image":[{"width":1024,"height":1024,"url":"https:\/\/graduor-distribution.com\/coupe-chevrolet\/wp-content\/uploads\/sites\/9\/2023\/02\/PERSP.png","type":"image\/png"}],"twitter_card":"summary_large_image","twitter_misc":{"Dur\u00e9e de lecture estim\u00e9e":"1 minute"},"schema":{"@context":"https:\/\/schema.org","@graph":[{"@type":"WebPage","@id":"https:\/\/graduor-distribution.com\/coupe-chevrolet\/product\/bague-souvenir\/","url":"https:\/\/graduor-distribution.com\/coupe-chevrolet\/product\/bague-souvenir\/","name":"Bague souvenir - Coupe Chevrolet","isPartOf":{"@id":"https:\/\/graduor-distribution.com\/coupe-chevrolet\/#website"},"primaryImageOfPage":{"@id":"https:\/\/graduor-distribution.com\/coupe-chevrolet\/product\/bague-souvenir\/#primaryimage"},"image":{"@id":"https:\/\/graduor-distribution.com\/coupe-chevrolet\/product\/bague-souvenir\/#primaryimage"},"thumbnailUrl":"https:\/\/graduor-distribution.com\/coupe-chevrolet\/wp-content\/uploads\/sites\/9\/2023\/02\/PERSP.png","datePublished":"2023-02-20T17:05:07+00:00","dateModified":"2026-03-28T22:27:59+00:00","breadcrumb":{"@id":"https:\/\/graduor-distribution.com\/coupe-chevrolet\/product\/bague-souvenir\/#breadcrumb"},"inLanguage":"fr-FR","potentialAction":[{"@type":"ReadAction","target":["https:\/\/graduor-distribution.com\/coupe-chevrolet\/product\/bague-souvenir\/"]}]},{"@type":"ImageObject","inLanguage":"fr-FR","@id":"https:\/\/graduor-distribution.com\/coupe-chevrolet\/product\/bague-souvenir\/#primaryimage","url":"https:\/\/graduor-distribution.com\/coupe-chevrolet\/wp-content\/uploads\/sites\/9\/2023\/02\/PERSP.png","contentUrl":"https:\/\/graduor-distribution.com\/coupe-chevrolet\/wp-content\/uploads\/sites\/9\/2023\/02\/PERSP.png","width":1024,"height":1024},{"@type":"BreadcrumbList","@id":"https:\/\/graduor-distribution.com\/coupe-chevrolet\/product\/bague-souvenir\/#breadcrumb","itemListElement":[{"@type":"ListItem","position":1,"name":"Home","item":"https:\/\/graduor-distribution.com\/coupe-chevrolet\/"},{"@type":"ListItem","position":2,"name":"Shop","item":"https:\/\/graduor-distribution.com\/coupe-chevrolet\/"},{"@type":"ListItem","position":3,"name":"Bague souvenir"}]},{"@type":"WebSite","@id":"https:\/\/graduor-distribution.com\/coupe-chevrolet\/#website","url":"https:\/\/graduor-distribution.com\/coupe-chevrolet\/","name":"Coupe Chevrolet","description":"","potentialAction":[{"@type":"SearchAction","target":{"@type":"EntryPoint","urlTemplate":"https:\/\/graduor-distribution.com\/coupe-chevrolet\/?s={search_term_string}"},"query-input":{"@type":"PropertyValueSpecification","valueRequired":true,"valueName":"search_term_string"}}],"inLanguage":"fr-FR"}]}},"_links":{"self":[{"href":"https:\/\/graduor-distribution.com\/coupe-chevrolet\/wp-json\/wp\/v2\/product\/198","targetHints":{"allow":["GET"]}}],"collection":[{"href":"https:\/\/graduor-distribution.com\/coupe-chevrolet\/wp-json\/wp\/v2\/product"}],"about":[{"href":"https:\/\/graduor-distribution.com\/coupe-chevrolet\/wp-json\/wp\/v2\/types\/product"}],"wp:featuredmedia":[{"embeddable":true,"href":"https:\/\/graduor-distribution.com\/coupe-chevrolet\/wp-json\/wp\/v2\/media\/461"}],"wp:attachment":[{"href":"https:\/\/graduor-distribution.com\/coupe-chevrolet\/wp-json\/wp\/v2\/media?parent=198"}],"wp:term":[{"taxonomy":"product_brand","embeddable":true,"href":"https:\/\/graduor-distribution.com\/coupe-chevrolet\/wp-json\/wp\/v2\/product_brand?post=198"},{"taxonomy":"product_cat","embeddable":true,"href":"https:\/\/graduor-distribution.com\/coupe-chevrolet\/wp-json\/wp\/v2\/product_cat?post=198"},{"taxonomy":"product_tag","embeddable":true,"href":"https:\/\/graduor-distribution.com\/coupe-chevrolet\/wp-json\/wp\/v2\/product_tag?post=198"}],"curies":[{"name":"wp","href":"https:\/\/api.w.org\/{rel}","templated":true}]}}